{"id":1928,"date":"2023-07-29T18:50:18","date_gmt":"2023-07-29T18:50:18","guid":{"rendered":"http:\/\/archiform.com.tr\/?page_id=1928"},"modified":"2023-09-09T16:30:06","modified_gmt":"2023-09-09T16:30:06","slug":"get-offer","status":"publish","type":"page","link":"https:\/\/archiform.com.tr\/en\/get-offer\/","title":{"rendered":"Get Offer"},"content":{"rendered":"\t\t<div data-elementor-type=\"wp-page\" data-elementor-id=\"1928\" class=\"elementor elementor-1928\" data-elementor-post-type=\"page\">\n\t\t\t\t\t\t\t\t\t<div class=\"elementor-section elementor-top-section elementor-element elementor-element-183d2b22 elementor-section-boxed elementor-section-height-default elementor-section-height-default\" data-id=\"183d2b22\" data-element_type=\"section\" data-settings=\"{&quot;background_background&quot;:&quot;classic&quot;}\">\n\t\t\t\t\t\t\t<div class=\"elementor-background-overlay\"><\/div>\n\t\t\t\t\t\t\t<div class=\"elementor-container elementor-column-gap-default\">\n\t\t\t\t\t<div class=\"elementor-column elementor-col-50 elementor-top-column elementor-element elementor-element-174a6f2\" data-id=\"174a6f2\" data-element_type=\"column\">\n\t\t\t<div class=\"elementor-widget-wrap elementor-element-populated\">\n\t\t\t\t\t\t\t\t<div class=\"elementor-element elementor-element-286d8167 elementor-widget elementor-widget-heading\" data-id=\"286d8167\" data-element_type=\"widget\" data-widget_type=\"heading.default\">\n\t\t\t\t<div class=\"elementor-widget-container\">\n\t\t\t<style>\/*! elementor - v3.17.0 - 25-10-2023 *\/\n.elementor-heading-title{padding:0;margin:0;line-height:1}.elementor-widget-heading .elementor-heading-title[class*=elementor-size-]>a{color:inherit;font-size:inherit;line-height:inherit}.elementor-widget-heading .elementor-heading-title.elementor-size-small{font-size:15px}.elementor-widget-heading .elementor-heading-title.elementor-size-medium{font-size:19px}.elementor-widget-heading .elementor-heading-title.elementor-size-large{font-size:29px}.elementor-widget-heading .elementor-heading-title.elementor-size-xl{font-size:39px}.elementor-widget-heading .elementor-heading-title.elementor-size-xxl{font-size:59px}<\/style><h1 class=\"elementor-heading-title elementor-size-default\">Get an Offer<\/h1>\t\t<\/div>\n\t\t\t\t<\/div>\n\t\t\t\t<div class=\"elementor-element elementor-element-6d1a7346 elementor-widget__width-initial elementor-widget-tablet__width-initial elementor-widget-mobile__width-inherit elementor-widget elementor-widget-text-editor\" data-id=\"6d1a7346\" data-element_type=\"widget\" data-widget_type=\"text-editor.default\">\n\t\t\t\t<div class=\"elementor-widget-container\">\n\t\t\t<style>\/*! elementor - v3.17.0 - 25-10-2023 *\/\n.elementor-widget-text-editor.elementor-drop-cap-view-stacked .elementor-drop-cap{background-color:#69727d;color:#fff}.elementor-widget-text-editor.elementor-drop-cap-view-framed .elementor-drop-cap{color:#69727d;border:3px solid;background-color:transparent}.elementor-widget-text-editor:not(.elementor-drop-cap-view-default) .elementor-drop-cap{margin-top:8px}.elementor-widget-text-editor:not(.elementor-drop-cap-view-default) .elementor-drop-cap-letter{width:1em;height:1em}.elementor-widget-text-editor .elementor-drop-cap{float:left;text-align:center;line-height:1;font-size:50px}.elementor-widget-text-editor .elementor-drop-cap-letter{display:inline-block}<\/style>\t\t\t\t<p>You can request a quote from us for problem-free projects. Please fill out the form and send it to us. Our experts will get back to you shortly.<\/p>\t\t\t\t\t\t<\/div>\n\t\t\t\t<\/div>\n\t\t\t\t<div class=\"elementor-element elementor-element-4e50e2b0 elementor-tablet-align-center elementor-widget elementor-widget-button\" data-id=\"4e50e2b0\" data-element_type=\"widget\" data-widget_type=\"button.default\">\n\t\t\t\t<div class=\"elementor-widget-container\">\n\t\t\t\t\t<div class=\"elementor-button-wrapper\">\n\t\t\t<a class=\"elementor-button elementor-button-link elementor-size-sm\" href=\"tel:\/\/+902163703090\" target=\"_blank\">\n\t\t\t\t\t\t<span class=\"elementor-button-content-wrapper\">\n\t\t\t\t\t\t<span class=\"elementor-button-text\">+90 216 370 30 90<\/span>\n\t\t<\/span>\n\t\t\t\t\t<\/a>\n\t\t<\/div>\n\t\t\t\t<\/div>\n\t\t\t\t<\/div>\n\t\t\t\t\t<\/div>\n\t\t<\/div>\n\t\t\t\t<div class=\"elementor-column elementor-col-50 elementor-top-column elementor-element elementor-element-2ce94912\" data-id=\"2ce94912\" data-element_type=\"column\" data-settings=\"{&quot;background_background&quot;:&quot;classic&quot;}\">\n\t\t\t<div class=\"elementor-widget-wrap elementor-element-populated\">\n\t\t\t\t\t\t\t\t<div class=\"elementor-element elementor-element-cfd1c81 elementor-widget elementor-widget-shortcode\" data-id=\"cfd1c81\" data-element_type=\"widget\" data-widget_type=\"shortcode.default\">\n\t\t\t\t<div class=\"elementor-widget-container\">\n\t\t\t\t\t<div class=\"elementor-shortcode\"><div id=\"quform-b3d10d\" class=\"quform quform-1 quform-theme-light quform-support-page-caching\"><form id=\"quform-form-b3d10d\" class=\"quform-form quform-form-1\" action=\"\/en\/wp-json\/wp\/v2\/pages\/1928#quform-b3d10d\" method=\"post\" enctype=\"multipart\/form-data\" novalidate=\"novalidate\" data-options=\"{&quot;id&quot;:1,&quot;uniqueId&quot;:&quot;b3d10d&quot;,&quot;theme&quot;:&quot;light&quot;,&quot;ajax&quot;:true,&quot;logic&quot;:{&quot;logic&quot;:{&quot;14&quot;:{&quot;action&quot;:true,&quot;match&quot;:&quot;all&quot;,&quot;rules&quot;:[{&quot;elementId&quot;:&quot;21&quot;,&quot;operator&quot;:&quot;not_empty&quot;,&quot;optionId&quot;:null,&quot;value&quot;:&quot;&quot;}]},&quot;2&quot;:{&quot;action&quot;:true,&quot;match&quot;:&quot;all&quot;,&quot;rules&quot;:[{&quot;elementId&quot;:&quot;14&quot;,&quot;operator&quot;:&quot;not_empty&quot;,&quot;optionId&quot;:null,&quot;value&quot;:&quot;&quot;}]}},&quot;dependents&quot;:{&quot;21&quot;:[14],&quot;14&quot;:[2]},&quot;elementIds&quot;:[14,2],&quot;dependentElementIds&quot;:[&quot;21&quot;,&quot;14&quot;],&quot;animate&quot;:true},&quot;currentPageId&quot;:1,&quot;errorsIcon&quot;:&quot;&quot;,&quot;updateFancybox&quot;:true,&quot;hasPages&quot;:false,&quot;pages&quot;:[1],&quot;pageProgressType&quot;:&quot;numbers&quot;,&quot;tooltipsEnabled&quot;:true,&quot;tooltipClasses&quot;:&quot;qtip-quform-dark qtip-shadow&quot;,&quot;tooltipMy&quot;:&quot;left center&quot;,&quot;tooltipAt&quot;:&quot;right center&quot;,&quot;isRtl&quot;:false,&quot;scrollOffset&quot;:-50,&quot;scrollSpeed&quot;:800}\"><button class=\"quform-default-submit\" name=\"quform_submit\" type=\"submit\" value=\"submit\" aria-hidden=\"true\" tabindex=\"-1\"><\/button><div class=\"quform-form-inner quform-form-inner-1\"><input type=\"hidden\" name=\"quform_form_id\" value=\"1\" \/><input type=\"hidden\" name=\"quform_form_uid\" value=\"b3d10d\" \/><input type=\"hidden\" name=\"quform_count\" value=\"1\" \/><input type=\"hidden\" name=\"form_url\" value=\"https:\/\/archiform.com.tr\/en\/wp-json\/wp\/v2\/pages\/1928\" \/><input type=\"hidden\" name=\"referring_url\" value=\"\" \/><input type=\"hidden\" name=\"post_id\" value=\"\" \/><input type=\"hidden\" name=\"post_title\" value=\"\" \/><input type=\"hidden\" name=\"quform_current_page_id\" value=\"1\" \/><input type=\"hidden\" name=\"quform_csrf_token\" value=\"rpTO1r6Vzz6UJrPBjxvhyxiIhy90eblaiiJOskHo\" \/><div class=\"quform-elements quform-elements-1 quform-cf quform-responsive-elements-phone-landscape\"><div class=\"quform-element quform-element-page quform-page-1 quform-page-1_1 quform-cf quform-group-style-plain quform-first-page quform-last-page quform-current-page\"><div class=\"quform-child-elements\"><div class=\"quform-element quform-element-row quform-element-row-1_3 quform-2-columns quform-element-row-size-fixed quform-responsive-columns-phone-landscape\"><div class=\"quform-element quform-element-column quform-element-1_4\"><div class=\"quform-element quform-element-text quform-element-1_6 quform-cf quform-element-required\"><div class=\"quform-spacer\"><div class=\"quform-label quform-label-1_6\"><label class=\"quform-label-text\" for=\"quform_1_6_b3d10d\">Name \/ Company Name<span class=\"quform-required\">*<\/span><\/label><\/div><div class=\"quform-inner quform-inner-text quform-inner-1_6\"><div class=\"quform-input quform-input-text quform-input-1_6 quform-cf\"><input type=\"text\" id=\"quform_1_6_b3d10d\" name=\"quform_1_6\" class=\"quform-field quform-field-text quform-field-1_6\" \/><\/div><\/div><\/div><\/div><\/div><div class=\"quform-element quform-element-column quform-element-1_5\"><div class=\"quform-element quform-element-email quform-element-1_7 quform-cf quform-element-required\"><div class=\"quform-spacer\"><div class=\"quform-label quform-label-1_7\"><label class=\"quform-label-text\" for=\"quform_1_7_b3d10d\">E mail Address<span class=\"quform-required\">*<\/span><\/label><\/div><div class=\"quform-inner quform-inner-email quform-inner-1_7\"><div class=\"quform-input quform-input-email quform-input-1_7 quform-cf\"><input type=\"email\" id=\"quform_1_7_b3d10d\" name=\"quform_1_7\" class=\"quform-field quform-field-email quform-field-1_7\" \/><\/div><\/div><\/div><\/div><\/div><\/div><div class=\"quform-element quform-element-row quform-element-row-1_8 quform-2-columns quform-element-row-size-fixed quform-responsive-columns-phone-landscape\"><div class=\"quform-element quform-element-column quform-element-1_9\"><div class=\"quform-element quform-element-text quform-element-1_10 quform-cf quform-element-required\"><div class=\"quform-spacer\"><div class=\"quform-label quform-label-1_10\"><label class=\"quform-label-text\" for=\"quform_1_10_b3d10d\">Phone number:<span class=\"quform-required\">*<\/span><\/label><\/div><div class=\"quform-inner quform-inner-text quform-inner-1_10\"><div class=\"quform-input quform-input-text quform-input-1_10 quform-cf\"><input type=\"text\" id=\"quform_1_10_b3d10d\" name=\"quform_1_10\" class=\"quform-field quform-field-text quform-field-1_10\" \/><\/div><\/div><\/div><\/div><\/div><div class=\"quform-element quform-element-column quform-element-1_11\"><div class=\"quform-element quform-element-select quform-element-1_13 quform-cf quform-element-required\"><div class=\"quform-spacer\"><div class=\"quform-label quform-label-1_13\"><label class=\"quform-label-text\" for=\"quform_1_13_b3d10d\">Offer Type<span class=\"quform-required\">*<\/span><\/label><\/div><div class=\"quform-inner quform-inner-select quform-inner-1_13\"><div class=\"quform-input quform-input-select quform-input-1_13 quform-cf\"><select id=\"quform_1_13_b3d10d\" name=\"quform_1_13\" class=\"quform-field quform-field-select quform-field-1_13\"><option value=\"\" selected=\"selected\">Select Type<\/option><option value=\"Modular Partition Systems\">Modular Partition Systems<\/option><option value=\"Wet Volume Partition Systems\">Wet Volume Partition Systems<\/option><option value=\"Other Services\">Other Services<\/option><\/select><\/div><\/div><\/div><\/div><\/div><\/div><div class=\"quform-element quform-element-row quform-element-row-1_16 quform-2-columns quform-element-row-size-fixed quform-responsive-columns-phone-landscape\"><div class=\"quform-element quform-element-column quform-element-1_17\"><div class=\"quform-element quform-element-select quform-element-1_15 quform-cf quform-element-required\"><div class=\"quform-spacer\"><div class=\"quform-label quform-label-1_15\"><label class=\"quform-label-text\" for=\"quform_1_15_b3d10d\">City<span class=\"quform-required\">*<\/span><\/label><\/div><div class=\"quform-inner quform-inner-select quform-inner-1_15\"><div class=\"quform-input quform-input-select quform-input-1_15 quform-cf\"><select id=\"quform_1_15_b3d10d\" name=\"quform_1_15\" class=\"quform-field quform-field-select quform-field-1_15 quform-field-select-enhanced\" data-options=\"{&quot;rtl&quot;:false,&quot;search&quot;:true,&quot;noResultsFound&quot;:&quot;No results found.&quot;}\" style=\"width: 100%;\"><option value=\"\" selected=\"selected\">Select City<\/option><option value=\"Adana\">Adana<\/option><option value=\"Ad\u0131yaman\">Ad\u0131yaman<\/option><option value=\"Afyonkarahisar\">Afyonkarahisar<\/option><option value=\"A\u011fr\u0131\">A\u011fr\u0131<\/option><option value=\"Amasya\">Amasya<\/option><option value=\"Ankara\">Ankara<\/option><option value=\"Antalya\">Antalya<\/option><option value=\"Artvin\">Artvin<\/option><option value=\"Ayd\u0131n\">Ayd\u0131n<\/option><option value=\"Bal\u0131kesir\">Bal\u0131kesir<\/option><option value=\"Bilecik\">Bilecik<\/option><option value=\"Bing\u00f6l\">Bing\u00f6l<\/option><option value=\"Bitlis\">Bitlis<\/option><option value=\"Bolu\">Bolu<\/option><option value=\"Burdur\">Burdur<\/option><option value=\"Bursa\">Bursa<\/option><option value=\"\u00c7anakkale\">\u00c7anakkale<\/option><option value=\"\u00c7ank\u0131r\u0131\">\u00c7ank\u0131r\u0131<\/option><option value=\"\u00c7orum\">\u00c7orum<\/option><option value=\"Denizli\">Denizli<\/option><option value=\"Diyarbak\u0131r\">Diyarbak\u0131r<\/option><option value=\"Edirne\">Edirne<\/option><option value=\"Elaz\u0131\u011f\">Elaz\u0131\u011f<\/option><option value=\"Erzincan\">Erzincan<\/option><option value=\"Erzurum\">Erzurum<\/option><option value=\"Eski\u015fehir\">Eski\u015fehir<\/option><option value=\"Gaziantep\">Gaziantep<\/option><option value=\"Giresun\">Giresun<\/option><option value=\"G\u00fcm\u00fc\u015fhane\">G\u00fcm\u00fc\u015fhane<\/option><option value=\"Hakk\u00e2ri\">Hakk\u00e2ri<\/option><option value=\"Hatay\">Hatay<\/option><option value=\"Isparta\">Isparta<\/option><option value=\"Mersin\">Mersin<\/option><option value=\"\u0130stanbul\">\u0130stanbul<\/option><option value=\"\u0130zmir\">\u0130zmir<\/option><option value=\"Kars\">Kars<\/option><option value=\"Kastamonu\">Kastamonu<\/option><option value=\"Kayseri\">Kayseri<\/option><option value=\"K\u0131rklareli\">K\u0131rklareli<\/option><option value=\"K\u0131r\u015fehir\">K\u0131r\u015fehir<\/option><option value=\"Kocaeli\">Kocaeli<\/option><option value=\"Konya\">Konya<\/option><option value=\"K\u00fctahya\">K\u00fctahya<\/option><option value=\"Malatya\">Malatya<\/option><option value=\"Manisa\">Manisa<\/option><option value=\"Kahramanmara\u015f\">Kahramanmara\u015f<\/option><option value=\"Mardin\">Mardin<\/option><option value=\"Mu\u011fla\">Mu\u011fla<\/option><option value=\"Mu\u015f\">Mu\u015f<\/option><option value=\"Nev\u015fehir\">Nev\u015fehir<\/option><option value=\"Ni\u011fde\">Ni\u011fde<\/option><option value=\"Ordu\">Ordu<\/option><option value=\"Rize\">Rize<\/option><option value=\"Sakarya\">Sakarya<\/option><option value=\"Samsun\">Samsun<\/option><option value=\"Siirt\">Siirt<\/option><option value=\"Sinop\">Sinop<\/option><option value=\"Sivas\">Sivas<\/option><option value=\"Tekirda\u011f\">Tekirda\u011f<\/option><option value=\"Tokat\">Tokat<\/option><option value=\"Trabzon\">Trabzon<\/option><option value=\"Tunceli\">Tunceli<\/option><option value=\"\u015eanl\u0131urfa\">\u015eanl\u0131urfa<\/option><option value=\"U\u015fak\">U\u015fak<\/option><option value=\"Van\">Van<\/option><option value=\"Yozgat\">Yozgat<\/option><option value=\"Zonguldak\">Zonguldak<\/option><option value=\"Aksaray\">Aksaray<\/option><option value=\"Bayburt\">Bayburt<\/option><option value=\"Karaman\">Karaman<\/option><option value=\"K\u0131r\u0131kkale\">K\u0131r\u0131kkale<\/option><option value=\"Batman\">Batman<\/option><option value=\"\u015e\u0131rnak\">\u015e\u0131rnak<\/option><option value=\"Bart\u0131n\">Bart\u0131n<\/option><option value=\"Ardahan\">Ardahan<\/option><option value=\"I\u011fd\u0131r\">I\u011fd\u0131r<\/option><option value=\"Yalova\">Yalova<\/option><option value=\"Karab\u00fck\">Karab\u00fck<\/option><option value=\"Kilis\">Kilis<\/option><option value=\"Osmaniye\">Osmaniye<\/option><option value=\"D\u00fczce\">D\u00fczce<\/option><\/select><\/div><label id=\"quform_1_15_b3d10d_sub_label_below\" class=\"quform-sub-label quform-sub-label-below\">Please select your city<\/label><\/div><\/div><\/div><\/div><div class=\"quform-element quform-element-column quform-element-1_19\"><div class=\"quform-element quform-element-select quform-element-1_21 quform-cf quform-element-required\"><div class=\"quform-spacer\"><div class=\"quform-label quform-label-1_21\"><label class=\"quform-label-text\" for=\"quform_1_21_b3d10d\">Free Discovery<span class=\"quform-required\">*<\/span><\/label><\/div><div class=\"quform-inner quform-inner-select quform-inner-1_21\"><div class=\"quform-input quform-input-select quform-input-1_21 quform-cf\"><select id=\"quform_1_21_b3d10d\" name=\"quform_1_21\" class=\"quform-field quform-field-select quform-field-1_21\"><option value=\"\" selected=\"selected\">Discovery Type<\/option><option value=\"I Want a Free Discovery\">I Want a Free Discovery<\/option><option value=\"I Don&#039;t Want a Free Discovery\">I Don&#039;t Want a Free Discovery<\/option><\/select><\/div><label id=\"quform_1_21_b3d10d_sub_label_below\" class=\"quform-sub-label quform-sub-label-below\">Would you like our experts to explore for free and determine the right products for you?<\/label><\/div><\/div><\/div><\/div><\/div><div class=\"quform-element quform-element-file quform-element-1_22 quform-cf quform-element-required\"><div class=\"quform-spacer\"><div class=\"quform-label quform-label-1_22\"><label class=\"quform-label-text\" for=\"quform_1_22_b3d10d\">You can upload your project file here.<span class=\"quform-required\">*<\/span><\/label><\/div><div class=\"quform-inner quform-inner-file quform-inner-1_22\"><div class=\"quform-input quform-input-file quform-input-1_22 quform-cf quform-button-style-shine-gradient\"><input type=\"file\" id=\"quform_1_22_b3d10d\" name=\"quform_1_22[]\" class=\"quform-field quform-field-file quform-field-1_22 quform-field-file-enhanced\" data-config=\"{&quot;id&quot;:22,&quot;identifier&quot;:&quot;1_22&quot;,&quot;name&quot;:&quot;quform_1_22&quot;,&quot;max&quot;:1,&quot;size&quot;:20971520,&quot;allowedExtensions&quot;:[&quot;jpg&quot;,&quot;jpeg&quot;,&quot;png&quot;,&quot;gif&quot;,&quot;dwg&quot;],&quot;notAllowedTypeWithFilename&quot;:&quot;File type of &#039;%filename%&#039; is not allowed&quot;,&quot;tooBigWithFilename&quot;:&quot;File &#039;%filename%&#039; exceeds the maximum allowed file size&quot;,&quot;tooMany&quot;:&quot;You cannot upload more than %max% file(s)&quot;,&quot;buttonType&quot;:&quot;button&quot;,&quot;buttonText&quot;:&quot;Add File&quot;,&quot;buttonIcon&quot;:&quot;qicon-file_upload&quot;,&quot;buttonIconPosition&quot;:&quot;right&quot;}\" \/><\/div><\/div><\/div><\/div><div class=\"quform-element quform-element-textarea quform-element-1_14 quform-cf quform-element-required\"><div class=\"quform-spacer\"><div class=\"quform-label quform-label-1_14\"><label class=\"quform-label-text\" for=\"quform_1_14_b3d10d\">Offer Description<span class=\"quform-required\">*<\/span><\/label><\/div><div class=\"quform-inner quform-inner-textarea quform-inner-1_14\"><div class=\"quform-input quform-input-textarea quform-input-1_14 quform-cf\"><textarea id=\"quform_1_14_b3d10d\" name=\"quform_1_14\" class=\"quform-field quform-field-textarea quform-field-1_14\"><\/textarea><\/div><\/div><\/div><\/div><div class=\"quform-element quform-element-submit quform-element-1_2 quform-cf quform-button-style-shine-gradient\"><div class=\"quform-button-submit quform-button-submit-default quform-button-submit-1_2 quform-button-icon-right\"><button name=\"quform_submit\" type=\"submit\" class=\"quform-submit\" value=\"submit\"><span class=\"quform-button-text quform-button-submit-text\">Request a Quote<\/span><span class=\"quform-button-icon quform-button-submit-icon\"><i class=\"qicon-paper-plane\"><\/i><\/span><\/button><\/div><div class=\"quform-loading quform-loading-position-left quform-loading-type-spinner-1\"><div class=\"quform-loading-inner\"><div class=\"quform-loading-spinner\"><div class=\"quform-loading-spinner-inner\"><\/div><\/div><\/div><\/div><\/div><div class=\"quform-element-tree\"><label for=\"quform_1_0_b3d10d\">This field should be left blank<\/label><input type=\"text\" id=\"quform_1_0_b3d10d\" name=\"quform_1_0\" class=\"quform-field quform-field-tree quform-field-1_0\" tabindex=\"-1\" autocomplete=\"off\" \/><\/div><\/div><\/div><\/div><div class=\"quform-upload-progress-wrap\"><div class=\"quform-upload-progress-bar-wrap\"><div class=\"quform-upload-progress-bar\"><\/div><\/div><div class=\"quform-upload-info quform-cf\"><div class=\"quform-upload-filename\"><\/div><\/div><\/div><\/div><\/form><\/div><\/div>\n\t\t\t\t<\/div>\n\t\t\t\t<\/div>\n\t\t\t\t\t<\/div>\n\t\t<\/div>\n\t\t\t\t\t\t\t<\/div>\n\t\t<\/div>\n\t\t\t\t\t\t\t<\/div>\n\t\t","protected":false},"excerpt":{"rendered":"<p>Get an Offer You can request a quote from us for problem-free projects. Please fill out the form and send it to [&hellip;]<\/p>\n","protected":false},"author":1,"featured_media":0,"parent":0,"menu_order":0,"comment_status":"closed","ping_status":"closed","template":"","meta":{"footnotes":""},"class_list":["post-1928","page","type-page","status-publish","hentry"],"yoast_head":"<!-- This site is optimized with the Yoast SEO Premium plugin v21.1 (Yoast SEO v21.4) - https:\/\/yoast.com\/wordpress\/plugins\/seo\/ -->\n<title>Get Offer - Archiform<\/title>\n<meta name=\"robots\" content=\"index, follow, max-snippet:-1, max-image-preview:large, max-video-preview:-1\" \/>\n<link rel=\"canonical\" href=\"https:\/\/archiform.com.tr\/en\/get-offer\/\" \/>\n<meta property=\"og:locale\" content=\"en_US\" \/>\n<meta property=\"og:type\" content=\"article\" \/>\n<meta property=\"og:title\" content=\"Get Offer\" \/>\n<meta property=\"og:description\" content=\"Get an Offer You can request a quote from us for problem-free projects. Please fill out the form and send it to [&hellip;]\" \/>\n<meta property=\"og:url\" content=\"https:\/\/archiform.com.tr\/en\/get-offer\/\" \/>\n<meta property=\"og:site_name\" content=\"Archiform\" \/>\n<meta property=\"article:modified_time\" content=\"2023-09-09T16:30:06+00:00\" \/>\n<meta name=\"twitter:card\" content=\"summary_large_image\" \/>\n<meta name=\"twitter:label1\" content=\"Est. reading time\" \/>\n\t<meta name=\"twitter:data1\" content=\"2 minutes\" \/>\n<script type=\"application\/ld+json\" class=\"yoast-schema-graph\">{\"@context\":\"https:\/\/schema.org\",\"@graph\":[{\"@type\":\"WebPage\",\"@id\":\"https:\/\/archiform.com.tr\/en\/get-offer\/\",\"url\":\"https:\/\/archiform.com.tr\/en\/get-offer\/\",\"name\":\"Get Offer - Archiform\",\"isPartOf\":{\"@id\":\"https:\/\/archiform.com.tr\/en\/#website\"},\"datePublished\":\"2023-07-29T18:50:18+00:00\",\"dateModified\":\"2023-09-09T16:30:06+00:00\",\"breadcrumb\":{\"@id\":\"https:\/\/archiform.com.tr\/en\/get-offer\/#breadcrumb\"},\"inLanguage\":\"en-US\",\"potentialAction\":[{\"@type\":\"ReadAction\",\"target\":[\"https:\/\/archiform.com.tr\/en\/get-offer\/\"]}]},{\"@type\":\"BreadcrumbList\",\"@id\":\"https:\/\/archiform.com.tr\/en\/get-offer\/#breadcrumb\",\"itemListElement\":[{\"@type\":\"ListItem\",\"position\":1,\"name\":\"Home\",\"item\":\"https:\/\/archiform.com.tr\/en\/\"},{\"@type\":\"ListItem\",\"position\":2,\"name\":\"Get Offer\"}]},{\"@type\":\"WebSite\",\"@id\":\"https:\/\/archiform.com.tr\/en\/#website\",\"url\":\"https:\/\/archiform.com.tr\/en\/\",\"name\":\"Archiform\",\"description\":\"Office Partition Systems, Modular Partition, Glass Partition\",\"potentialAction\":[{\"@type\":\"SearchAction\",\"target\":{\"@type\":\"EntryPoint\",\"urlTemplate\":\"https:\/\/archiform.com.tr\/en\/?s={search_term_string}\"},\"query-input\":\"required name=search_term_string\"}],\"inLanguage\":\"en-US\"}]}<\/script>\n<!-- \/ Yoast SEO Premium plugin. -->","yoast_head_json":{"title":"Get Offer - Archiform","robots":{"index":"index","follow":"follow","max-snippet":"max-snippet:-1","max-image-preview":"max-image-preview:large","max-video-preview":"max-video-preview:-1"},"canonical":"https:\/\/archiform.com.tr\/en\/get-offer\/","og_locale":"en_US","og_type":"article","og_title":"Get Offer","og_description":"Get an Offer You can request a quote from us for problem-free projects. Please fill out the form and send it to [&hellip;]","og_url":"https:\/\/archiform.com.tr\/en\/get-offer\/","og_site_name":"Archiform","article_modified_time":"2023-09-09T16:30:06+00:00","twitter_card":"summary_large_image","twitter_misc":{"Est. reading time":"2 minutes"},"schema":{"@context":"https:\/\/schema.org","@graph":[{"@type":"WebPage","@id":"https:\/\/archiform.com.tr\/en\/get-offer\/","url":"https:\/\/archiform.com.tr\/en\/get-offer\/","name":"Get Offer - Archiform","isPartOf":{"@id":"https:\/\/archiform.com.tr\/en\/#website"},"datePublished":"2023-07-29T18:50:18+00:00","dateModified":"2023-09-09T16:30:06+00:00","breadcrumb":{"@id":"https:\/\/archiform.com.tr\/en\/get-offer\/#breadcrumb"},"inLanguage":"en-US","potentialAction":[{"@type":"ReadAction","target":["https:\/\/archiform.com.tr\/en\/get-offer\/"]}]},{"@type":"BreadcrumbList","@id":"https:\/\/archiform.com.tr\/en\/get-offer\/#breadcrumb","itemListElement":[{"@type":"ListItem","position":1,"name":"Home","item":"https:\/\/archiform.com.tr\/en\/"},{"@type":"ListItem","position":2,"name":"Get Offer"}]},{"@type":"WebSite","@id":"https:\/\/archiform.com.tr\/en\/#website","url":"https:\/\/archiform.com.tr\/en\/","name":"Archiform","description":"Office Partition Systems, Modular Partition, Glass Partition","potentialAction":[{"@type":"SearchAction","target":{"@type":"EntryPoint","urlTemplate":"https:\/\/archiform.com.tr\/en\/?s={search_term_string}"},"query-input":"required name=search_term_string"}],"inLanguage":"en-US"}]}},"_links":{"self":[{"href":"https:\/\/archiform.com.tr\/en\/wp-json\/wp\/v2\/pages\/1928","targetHints":{"allow":["GET"]}}],"collection":[{"href":"https:\/\/archiform.com.tr\/en\/wp-json\/wp\/v2\/pages"}],"about":[{"href":"https:\/\/archiform.com.tr\/en\/wp-json\/wp\/v2\/types\/page"}],"author":[{"embeddable":true,"href":"https:\/\/archiform.com.tr\/en\/wp-json\/wp\/v2\/users\/1"}],"replies":[{"embeddable":true,"href":"https:\/\/archiform.com.tr\/en\/wp-json\/wp\/v2\/comments?post=1928"}],"version-history":[{"count":4,"href":"https:\/\/archiform.com.tr\/en\/wp-json\/wp\/v2\/pages\/1928\/revisions"}],"predecessor-version":[{"id":2348,"href":"https:\/\/archiform.com.tr\/en\/wp-json\/wp\/v2\/pages\/1928\/revisions\/2348"}],"wp:attachment":[{"href":"https:\/\/archiform.com.tr\/en\/wp-json\/wp\/v2\/media?parent=1928"}],"curies":[{"name":"wp","href":"https:\/\/api.w.org\/{rel}","templated":true}]}}