{"id":50,"date":"2022-08-04T12:19:54","date_gmt":"2022-08-04T12:19:54","guid":{"rendered":"http:\/\/archiform.com.tr\/about-us\/"},"modified":"2023-09-09T16:04:54","modified_gmt":"2023-09-09T16:04:54","slug":"about-us","status":"publish","type":"page","link":"https:\/\/archiform.com.tr\/en\/about-us\/","title":{"rendered":"About Us"},"content":{"rendered":"\t\t<div data-elementor-type=\"wp-page\" data-elementor-id=\"50\" class=\"elementor elementor-50\" data-elementor-post-type=\"page\">\n\t\t\t\t\t\t\t\t\t<section class=\"elementor-section elementor-top-section elementor-element elementor-element-4e20fcd elementor-section-boxed elementor-section-height-default elementor-section-height-default\" data-id=\"4e20fcd\" data-element_type=\"section\">\n\t\t\t\t\t\t<div class=\"elementor-container elementor-column-gap-default\">\n\t\t\t\t\t<div class=\"elementor-column elementor-col-100 elementor-top-column elementor-element elementor-element-295854f\" data-id=\"295854f\" data-element_type=\"column\" data-settings=\"{&quot;background_background&quot;:&quot;classic&quot;}\">\n\t\t\t<div class=\"elementor-widget-wrap elementor-element-populated\">\n\t\t\t\t\t\t\t\t<div class=\"elementor-element elementor-element-a9de56f bdt-cursor-effects-yes elementor-widget elementor-widget-image\" data-id=\"a9de56f\" data-element_type=\"widget\" data-settings=\"{&quot;element_pack_cursor_effects_show&quot;:&quot;yes&quot;,&quot;element_pack_cursor_effects_source&quot;:&quot;icons&quot;,&quot;element_pack_cursor_effects_icons&quot;:{&quot;value&quot;:&quot;fas fa-laugh-wink&quot;,&quot;library&quot;:&quot;fa-solid&quot;}}\" data-widget_type=\"image.default\">\n\t\t\t\t<div class=\"elementor-widget-container\">\n\t\t\t<style>\/*! elementor - v3.17.0 - 25-10-2023 *\/\n.elementor-widget-image{text-align:center}.elementor-widget-image a{display:inline-block}.elementor-widget-image a img[src$=\".svg\"]{width:48px}.elementor-widget-image img{vertical-align:middle;display:inline-block}<\/style>\t\t\t\t\t\t\t\t\t\t\t\t<img loading=\"lazy\" decoding=\"async\" width=\"269\" height=\"52\" src=\"https:\/\/archiform.com.tr\/en\/wp-content\/uploads\/2023\/05\/logo2.png\" class=\"attachment-large size-large wp-image-76\" alt=\"\" \/>\t\t\t\t\t\t\t\t\t\t\t\t\t\t\t<\/div>\n\t\t\t\t<\/div>\n\t\t\t\t<div class=\"elementor-element elementor-element-16a3b17 elementor-widget__width-initial elementor-widget-tablet__width-inherit elementor-widget-mobile__width-inherit  ui-split-animate ui-splitby-chars elementor-widget elementor-widget-heading\" data-id=\"16a3b17\" data-element_type=\"widget\" data-settings=\"{&quot;ui_animate_split&quot;:&quot;ui-split-animate&quot;,&quot;ui_animate_split_by&quot;:&quot;chars&quot;,&quot;ui_animate_split_style&quot;:&quot;fadeInUp&quot;}\" data-widget_type=\"heading.default\">\n\t\t\t\t<div class=\"elementor-widget-container\">\n\t\t\t<style>\/*! elementor - v3.17.0 - 25-10-2023 *\/\n.elementor-heading-title{padding:0;margin:0;line-height:1}.elementor-widget-heading .elementor-heading-title[class*=elementor-size-]>a{color:inherit;font-size:inherit;line-height:inherit}.elementor-widget-heading .elementor-heading-title.elementor-size-small{font-size:15px}.elementor-widget-heading .elementor-heading-title.elementor-size-medium{font-size:19px}.elementor-widget-heading .elementor-heading-title.elementor-size-large{font-size:29px}.elementor-widget-heading .elementor-heading-title.elementor-size-xl{font-size:39px}.elementor-widget-heading .elementor-heading-title.elementor-size-xxl{font-size:59px}<\/style><h2 class=\"elementor-heading-title elementor-size-default\">Archiform   yap\u0131 sekt\u00f6r\u00fcne \u00e7a\u011fda\u015f i\u00e7 mekan yap\u0131 \u00fcr\u00fcn sistemleri sunmak amac\u0131yla kurulmu\u015ftur.<\/h2>\t\t<\/div>\n\t\t\t\t<\/div>\n\t\t\t\t<div class=\"elementor-element elementor-element-53d53f7 elementor-widget elementor-widget-text-editor\" data-id=\"53d53f7\" data-element_type=\"widget\" data-widget_type=\"text-editor.default\">\n\t\t\t\t<div class=\"elementor-widget-container\">\n\t\t\t<style>\/*! elementor - v3.17.0 - 25-10-2023 *\/\n.elementor-widget-text-editor.elementor-drop-cap-view-stacked .elementor-drop-cap{background-color:#69727d;color:#fff}.elementor-widget-text-editor.elementor-drop-cap-view-framed .elementor-drop-cap{color:#69727d;border:3px solid;background-color:transparent}.elementor-widget-text-editor:not(.elementor-drop-cap-view-default) .elementor-drop-cap{margin-top:8px}.elementor-widget-text-editor:not(.elementor-drop-cap-view-default) .elementor-drop-cap-letter{width:1em;height:1em}.elementor-widget-text-editor .elementor-drop-cap{float:left;text-align:center;line-height:1;font-size:50px}.elementor-widget-text-editor .elementor-drop-cap-letter{display:inline-block}<\/style>\t\t\t\t<p><em>Archiform B\u00f6lme Duvar Sistemleri<\/em><\/p>\t\t\t\t\t\t<\/div>\n\t\t\t\t<\/div>\n\t\t\t\t<div class=\"elementor-element elementor-element-a7d72cf elementor-widget__width-auto elementor-absolute elementor-widget elementor-widget-image\" data-id=\"a7d72cf\" data-element_type=\"widget\" data-settings=\"{&quot;_position&quot;:&quot;absolute&quot;}\" data-widget_type=\"image.default\">\n\t\t\t\t<div class=\"elementor-widget-container\">\n\t\t\t\t\t\t\t\t\t\t\t\t\t\t\t<img loading=\"lazy\" decoding=\"async\" width=\"160\" height=\"160\" src=\"https:\/\/archiform.com.tr\/en\/wp-content\/uploads\/2023\/05\/Real-Estate-Shape-2.webp\" class=\"attachment-full size-full wp-image-17\" alt=\"\" srcset=\"https:\/\/archiform.com.tr\/en\/wp-content\/uploads\/2023\/05\/Real-Estate-Shape-2.webp 160w, https:\/\/archiform.com.tr\/en\/wp-content\/uploads\/2023\/05\/Real-Estate-Shape-2-150x150.webp 150w\" sizes=\"auto, (max-width: 160px) 100vw, 160px\" \/>\t\t\t\t\t\t\t\t\t\t\t\t\t\t\t<\/div>\n\t\t\t\t<\/div>\n\t\t\t\t<div class=\"elementor-element elementor-element-0e92144 elementor-widget__width-initial elementor-absolute elementor-widget-tablet__width-initial elementor-widget elementor-widget-spacer\" data-id=\"0e92144\" data-element_type=\"widget\" data-settings=\"{&quot;_position&quot;:&quot;absolute&quot;}\" data-widget_type=\"spacer.default\">\n\t\t\t\t<div class=\"elementor-widget-container\">\n\t\t\t<style>\/*! elementor - v3.17.0 - 25-10-2023 *\/\n.elementor-column .elementor-spacer-inner{height:var(--spacer-size)}.e-con{--container-widget-width:100%}.e-con-inner>.elementor-widget-spacer,.e-con>.elementor-widget-spacer{width:var(--container-widget-width,var(--spacer-size));--align-self:var(--container-widget-align-self,initial);--flex-shrink:0}.e-con-inner>.elementor-widget-spacer>.elementor-widget-container,.e-con>.elementor-widget-spacer>.elementor-widget-container{height:100%;width:100%}.e-con-inner>.elementor-widget-spacer>.elementor-widget-container>.elementor-spacer,.e-con>.elementor-widget-spacer>.elementor-widget-container>.elementor-spacer{height:100%}.e-con-inner>.elementor-widget-spacer>.elementor-widget-container>.elementor-spacer>.elementor-spacer-inner,.e-con>.elementor-widget-spacer>.elementor-widget-container>.elementor-spacer>.elementor-spacer-inner{height:var(--container-widget-height,var(--spacer-size))}.e-con-inner>.elementor-widget-spacer.elementor-widget-empty,.e-con>.elementor-widget-spacer.elementor-widget-empty{position:relative;min-height:22px;min-width:22px}.e-con-inner>.elementor-widget-spacer.elementor-widget-empty .elementor-widget-empty-icon,.e-con>.elementor-widget-spacer.elementor-widget-empty .elementor-widget-empty-icon{position:absolute;top:0;bottom:0;left:0;right:0;margin:auto;padding:0;width:22px;height:22px}<\/style>\t\t<div class=\"elementor-spacer\">\n\t\t\t<div class=\"elementor-spacer-inner\"><\/div>\n\t\t<\/div>\n\t\t\t\t<\/div>\n\t\t\t\t<\/div>\n\t\t\t\t<div class=\"elementor-element elementor-element-0a82f94 elementor-widget__width-initial elementor-absolute elementor-widget-tablet__width-initial elementor-widget elementor-widget-spacer\" data-id=\"0a82f94\" data-element_type=\"widget\" data-settings=\"{&quot;_position&quot;:&quot;absolute&quot;}\" data-widget_type=\"spacer.default\">\n\t\t\t\t<div class=\"elementor-widget-container\">\n\t\t\t\t\t<div class=\"elementor-spacer\">\n\t\t\t<div class=\"elementor-spacer-inner\"><\/div>\n\t\t<\/div>\n\t\t\t\t<\/div>\n\t\t\t\t<\/div>\n\t\t\t\t\t<\/div>\n\t\t<\/div>\n\t\t\t\t\t\t\t<\/div>\n\t\t<\/section>\n\t\t\t\t<div class=\"elementor-section elementor-top-section elementor-element elementor-element-ddc5346 elementor-section-boxed elementor-section-height-default elementor-section-height-default\" data-id=\"ddc5346\" data-element_type=\"section\">\n\t\t\t\t\t\t<div class=\"elementor-container elementor-column-gap-default\">\n\t\t\t\t\t<div class=\"elementor-column elementor-col-50 elementor-top-column elementor-element elementor-element-f7b60ea\" data-id=\"f7b60ea\" data-element_type=\"column\">\n\t\t\t<div class=\"elementor-widget-wrap elementor-element-populated\">\n\t\t\t\t\t\t\t\t<div class=\"elementor-section elementor-inner-section elementor-element elementor-element-47ac10d elementor-section-boxed elementor-section-height-default elementor-section-height-default\" data-id=\"47ac10d\" data-element_type=\"section\">\n\t\t\t\t\t\t<div class=\"elementor-container elementor-column-gap-default\">\n\t\t\t\t\t<div class=\"elementor-column elementor-col-100 elementor-inner-column elementor-element elementor-element-e9900ab\" data-id=\"e9900ab\" data-element_type=\"column\">\n\t\t\t<div class=\"elementor-widget-wrap elementor-element-populated\">\n\t\t\t\t\t\t\t\t<div class=\"elementor-element elementor-element-de29ace elementor-invisible elementor-widget elementor-widget-image\" data-id=\"de29ace\" data-element_type=\"widget\" data-settings=\"{&quot;_animation&quot;:&quot;fadeInLeft&quot;}\" data-widget_type=\"image.default\">\n\t\t\t\t<div class=\"elementor-widget-container\">\n\t\t\t\t\t\t\t\t\t\t\t\t\t\t\t<img loading=\"lazy\" decoding=\"async\" width=\"700\" height=\"1050\" src=\"https:\/\/archiform.com.tr\/en\/wp-content\/uploads\/2023\/07\/srk04_8518b-min.jpg\" class=\"attachment-full size-full wp-image-1792\" alt=\"\" srcset=\"https:\/\/archiform.com.tr\/en\/wp-content\/uploads\/2023\/07\/srk04_8518b-min.jpg 700w, https:\/\/archiform.com.tr\/en\/wp-content\/uploads\/2023\/07\/srk04_8518b-min-200x300.jpg 200w, https:\/\/archiform.com.tr\/en\/wp-content\/uploads\/2023\/07\/srk04_8518b-min-683x1024.jpg 683w, https:\/\/archiform.com.tr\/en\/wp-content\/uploads\/2023\/07\/srk04_8518b-min-433x650.jpg 433w\" sizes=\"auto, (max-width: 700px) 100vw, 700px\" \/>\t\t\t\t\t\t\t\t\t\t\t\t\t\t\t<\/div>\n\t\t\t\t<\/div>\n\t\t\t\t<div class=\"elementor-element elementor-element-959d4b4 elementor-invisible elementor-widget elementor-widget-image\" data-id=\"959d4b4\" data-element_type=\"widget\" data-settings=\"{&quot;_animation&quot;:&quot;fadeInUp&quot;}\" data-widget_type=\"image.default\">\n\t\t\t\t<div class=\"elementor-widget-container\">\n\t\t\t\t\t\t\t\t\t\t\t\t\t\t\t<img decoding=\"async\" src=\"http:\/\/archiform.com.tr\/wp-content\/uploads\/2023\/05\/Real-Estate-About-Image-2.webp\" title=\"\" alt=\"\" loading=\"lazy\" \/>\t\t\t\t\t\t\t\t\t\t\t\t\t\t\t<\/div>\n\t\t\t\t<\/div>\n\t\t\t\t\t<\/div>\n\t\t<\/div>\n\t\t\t\t\t\t\t<\/div>\n\t\t<\/div>\n\t\t\t\t\t<\/div>\n\t\t<\/div>\n\t\t\t\t<div class=\"elementor-column elementor-col-50 elementor-top-column elementor-element elementor-element-4c8c49d\" data-id=\"4c8c49d\" data-element_type=\"column\">\n\t\t\t<div class=\"elementor-widget-wrap elementor-element-populated\">\n\t\t\t\t\t\t\t\t<div class=\"elementor-element elementor-element-9446956 elementor-widget elementor-widget-heading\" data-id=\"9446956\" data-element_type=\"widget\" data-widget_type=\"heading.default\">\n\t\t\t\t<div class=\"elementor-widget-container\">\n\t\t\t<h5 class=\"elementor-heading-title elementor-size-default\">Archiform<\/h5>\t\t<\/div>\n\t\t\t\t<\/div>\n\t\t\t\t<div class=\"elementor-element elementor-element-71ec5d5  ui-split-animate ui-splitby-chars elementor-widget elementor-widget-heading\" data-id=\"71ec5d5\" data-element_type=\"widget\" data-settings=\"{&quot;ui_animate_split&quot;:&quot;ui-split-animate&quot;,&quot;ui_animate_split_by&quot;:&quot;chars&quot;,&quot;ui_animate_split_style&quot;:&quot;fadeInUp&quot;}\" data-widget_type=\"heading.default\">\n\t\t\t\t<div class=\"elementor-widget-container\">\n\t\t\t<h2 class=\"elementor-heading-title elementor-size-default\">Bizi Yak\u0131ndan Tan\u0131y\u0131n<\/h2>\t\t<\/div>\n\t\t\t\t<\/div>\n\t\t\t\t<div class=\"elementor-element elementor-element-e71e055 elementor-widget__width-initial elementor-widget-mobile__width-initial elementor-widget elementor-widget-text-editor\" data-id=\"e71e055\" data-element_type=\"widget\" data-widget_type=\"text-editor.default\">\n\t\t\t\t<div class=\"elementor-widget-container\">\n\t\t\t\t\t\t\t<p>Archiform kurucular\u0131 1992 y\u0131l\u0131ndan itibaren yap\u0131 sekt\u00f6r\u00fcnde teknik m\u00fcd\u00fcr,sat\u0131\u015f m\u00fcd\u00fcr\u00fc, firma sahibi ve orta\u011f\u0131 gibi pozisyonlarda edinmi\u015f olduklar\u0131 bilgi birikimi ve tecr\u00fcbeyi Archiform markas\u0131 alt\u0131nda sekt\u00f6re sunmaya devam etmektedirler. Archiform kendi tasar\u0131m\u0131 olan \u00fcr\u00fcnlerin yan\u0131s\u0131ra alan\u0131nda tan\u0131nm\u0131\u015f marka yap\u0131 \u00fcr\u00fcnlerinin yetkili uygulamac\u0131l\u0131\u011f\u0131n\u0131 ve da\u011f\u0131t\u0131m\u0131n\u0131 yapmaktad\u0131r. Archiform standart sistemlerin yan\u0131s\u0131ra projeye \u00f6zel bazl\u0131 sistemler de geli\u015ftirir.<\/p><p>Archiform Islak hacimler konusunda sekt\u00f6r\u00fcn lider sistem \u00fcreticisi firmas\u0131 olan Kemmlit\u2019in T\u00fcrkiye ve b\u00f6lge \u00fclkeleri temsilcisidir. Bilgilerinize sayg\u0131yla sunar\u0131z.<\/p><p>AY\u015eEG\u00dcL ERSOY G\u00dcVEND\u0130KSOY<br \/><strong>Mimar \/ Kurucu <\/strong><\/p>\t\t\t\t\t\t<\/div>\n\t\t\t\t<\/div>\n\t\t\t\t\t<\/div>\n\t\t<\/div>\n\t\t\t\t\t\t\t<\/div>\n\t\t<\/div>\n\t\t\t\t\t\t\t<\/div>\n\t\t","protected":false},"excerpt":{"rendered":"<p>Archiform yap\u0131 sekt\u00f6r\u00fcne \u00e7a\u011fda\u015f i\u00e7 mekan yap\u0131 \u00fcr\u00fcn sistemleri sunmak amac\u0131yla kurulmu\u015ftur. Archiform B\u00f6lme Duvar Sistemleri Archiform Bizi Yak\u0131ndan Tan\u0131y\u0131n Archiform kurucular\u0131 [&hellip;]<\/p>\n","protected":false},"author":1,"featured_media":0,"parent":0,"menu_order":0,"comment_status":"closed","ping_status":"closed","template":"","meta":{"footnotes":""},"class_list":["post-50","page","type-page","status-publish","hentry"],"yoast_head":"<!-- This site is optimized with the Yoast SEO Premium plugin v21.1 (Yoast SEO v21.4) - https:\/\/yoast.com\/wordpress\/plugins\/seo\/ -->\n<title>About Us - Archiform<\/title>\n<meta name=\"robots\" content=\"index, follow, max-snippet:-1, max-image-preview:large, max-video-preview:-1\" \/>\n<link rel=\"canonical\" href=\"https:\/\/archiform.com.tr\/en\/about-us\/\" \/>\n<meta property=\"og:locale\" content=\"en_US\" \/>\n<meta property=\"og:type\" content=\"article\" \/>\n<meta property=\"og:title\" content=\"About Us\" \/>\n<meta property=\"og:description\" content=\"Archiform yap\u0131 sekt\u00f6r\u00fcne \u00e7a\u011fda\u015f i\u00e7 mekan yap\u0131 \u00fcr\u00fcn sistemleri sunmak amac\u0131yla kurulmu\u015ftur. Archiform B\u00f6lme Duvar Sistemleri Archiform Bizi Yak\u0131ndan Tan\u0131y\u0131n Archiform kurucular\u0131 [&hellip;]\" \/>\n<meta property=\"og:url\" content=\"https:\/\/archiform.com.tr\/en\/about-us\/\" \/>\n<meta property=\"og:site_name\" content=\"Archiform\" \/>\n<meta property=\"article:modified_time\" content=\"2023-09-09T16:04:54+00:00\" \/>\n<meta property=\"og:image\" content=\"http:\/\/archiform.com.tr\/wp-content\/uploads\/2023\/05\/logo2.png\" \/>\n<meta name=\"twitter:card\" content=\"summary_large_image\" \/>\n<meta name=\"twitter:label1\" content=\"Est. reading time\" \/>\n\t<meta name=\"twitter:data1\" content=\"1 minute\" \/>\n<script type=\"application\/ld+json\" class=\"yoast-schema-graph\">{\"@context\":\"https:\/\/schema.org\",\"@graph\":[{\"@type\":\"WebPage\",\"@id\":\"https:\/\/archiform.com.tr\/en\/about-us\/\",\"url\":\"https:\/\/archiform.com.tr\/en\/about-us\/\",\"name\":\"About Us - Archiform\",\"isPartOf\":{\"@id\":\"https:\/\/archiform.com.tr\/en\/#website\"},\"datePublished\":\"2022-08-04T12:19:54+00:00\",\"dateModified\":\"2023-09-09T16:04:54+00:00\",\"breadcrumb\":{\"@id\":\"https:\/\/archiform.com.tr\/en\/about-us\/#breadcrumb\"},\"inLanguage\":\"en-US\",\"potentialAction\":[{\"@type\":\"ReadAction\",\"target\":[\"https:\/\/archiform.com.tr\/en\/about-us\/\"]}]},{\"@type\":\"BreadcrumbList\",\"@id\":\"https:\/\/archiform.com.tr\/en\/about-us\/#breadcrumb\",\"itemListElement\":[{\"@type\":\"ListItem\",\"position\":1,\"name\":\"Home\",\"item\":\"https:\/\/archiform.com.tr\/en\/\"},{\"@type\":\"ListItem\",\"position\":2,\"name\":\"About Us\"}]},{\"@type\":\"WebSite\",\"@id\":\"https:\/\/archiform.com.tr\/en\/#website\",\"url\":\"https:\/\/archiform.com.tr\/en\/\",\"name\":\"Archiform\",\"description\":\"Office Partition Systems, Modular Partition, Glass Partition\",\"potentialAction\":[{\"@type\":\"SearchAction\",\"target\":{\"@type\":\"EntryPoint\",\"urlTemplate\":\"https:\/\/archiform.com.tr\/en\/?s={search_term_string}\"},\"query-input\":\"required name=search_term_string\"}],\"inLanguage\":\"en-US\"}]}<\/script>\n<!-- \/ Yoast SEO Premium plugin. -->","yoast_head_json":{"title":"About Us - Archiform","robots":{"index":"index","follow":"follow","max-snippet":"max-snippet:-1","max-image-preview":"max-image-preview:large","max-video-preview":"max-video-preview:-1"},"canonical":"https:\/\/archiform.com.tr\/en\/about-us\/","og_locale":"en_US","og_type":"article","og_title":"About Us","og_description":"Archiform yap\u0131 sekt\u00f6r\u00fcne \u00e7a\u011fda\u015f i\u00e7 mekan yap\u0131 \u00fcr\u00fcn sistemleri sunmak amac\u0131yla kurulmu\u015ftur. Archiform B\u00f6lme Duvar Sistemleri Archiform Bizi Yak\u0131ndan Tan\u0131y\u0131n Archiform kurucular\u0131 [&hellip;]","og_url":"https:\/\/archiform.com.tr\/en\/about-us\/","og_site_name":"Archiform","article_modified_time":"2023-09-09T16:04:54+00:00","og_image":[{"url":"http:\/\/archiform.com.tr\/wp-content\/uploads\/2023\/05\/logo2.png"}],"twitter_card":"summary_large_image","twitter_misc":{"Est. reading time":"1 minute"},"schema":{"@context":"https:\/\/schema.org","@graph":[{"@type":"WebPage","@id":"https:\/\/archiform.com.tr\/en\/about-us\/","url":"https:\/\/archiform.com.tr\/en\/about-us\/","name":"About Us - Archiform","isPartOf":{"@id":"https:\/\/archiform.com.tr\/en\/#website"},"datePublished":"2022-08-04T12:19:54+00:00","dateModified":"2023-09-09T16:04:54+00:00","breadcrumb":{"@id":"https:\/\/archiform.com.tr\/en\/about-us\/#breadcrumb"},"inLanguage":"en-US","potentialAction":[{"@type":"ReadAction","target":["https:\/\/archiform.com.tr\/en\/about-us\/"]}]},{"@type":"BreadcrumbList","@id":"https:\/\/archiform.com.tr\/en\/about-us\/#breadcrumb","itemListElement":[{"@type":"ListItem","position":1,"name":"Home","item":"https:\/\/archiform.com.tr\/en\/"},{"@type":"ListItem","position":2,"name":"About Us"}]},{"@type":"WebSite","@id":"https:\/\/archiform.com.tr\/en\/#website","url":"https:\/\/archiform.com.tr\/en\/","name":"Archiform","description":"Office Partition Systems, Modular Partition, Glass Partition","potentialAction":[{"@type":"SearchAction","target":{"@type":"EntryPoint","urlTemplate":"https:\/\/archiform.com.tr\/en\/?s={search_term_string}"},"query-input":"required name=search_term_string"}],"inLanguage":"en-US"}]}},"_links":{"self":[{"href":"https:\/\/archiform.com.tr\/en\/wp-json\/wp\/v2\/pages\/50","targetHints":{"allow":["GET"]}}],"collection":[{"href":"https:\/\/archiform.com.tr\/en\/wp-json\/wp\/v2\/pages"}],"about":[{"href":"https:\/\/archiform.com.tr\/en\/wp-json\/wp\/v2\/types\/page"}],"author":[{"embeddable":true,"href":"https:\/\/archiform.com.tr\/en\/wp-json\/wp\/v2\/users\/1"}],"replies":[{"embeddable":true,"href":"https:\/\/archiform.com.tr\/en\/wp-json\/wp\/v2\/comments?post=50"}],"version-history":[{"count":1,"href":"https:\/\/archiform.com.tr\/en\/wp-json\/wp\/v2\/pages\/50\/revisions"}],"predecessor-version":[{"id":2311,"href":"https:\/\/archiform.com.tr\/en\/wp-json\/wp\/v2\/pages\/50\/revisions\/2311"}],"wp:attachment":[{"href":"https:\/\/archiform.com.tr\/en\/wp-json\/wp\/v2\/media?parent=50"}],"curies":[{"name":"wp","href":"https:\/\/api.w.org\/{rel}","templated":true}]}}